{"id":10,"date":"2022-06-27T09:24:44","date_gmt":"2022-06-27T09:24:44","guid":{"rendered":"https:\/\/kirche-sahlenburg.org\/?page_id=10"},"modified":"2026-04-04T20:45:50","modified_gmt":"2026-04-04T20:45:50","slug":"herzlich-willkommen","status":"publish","type":"page","link":"https:\/\/kirche-sahlenburg.org\/","title":{"rendered":"Herzlich willkommen"},"content":{"rendered":"\t\t<div data-elementor-type=\"wp-page\" data-elementor-id=\"10\" class=\"elementor elementor-10\" data-elementor-post-type=\"page\">\n\t\t\t\t<div class=\"elementor-element elementor-element-227e8d4 e-flex e-con-boxed wpr-particle-no wpr-jarallax-no wpr-parallax-no wpr-sticky-section-no wpr-equal-height-no e-con e-parent\" data-id=\"227e8d4\" data-element_type=\"container\" data-e-type=\"container\">\n\t\t\t\t\t<div class=\"e-con-inner\">\n\t\t<div class=\"elementor-element elementor-element-fbfe768 e-con-full e-flex wpr-particle-no wpr-jarallax-no wpr-parallax-no wpr-sticky-section-no wpr-equal-height-no e-con e-child\" data-id=\"fbfe768\" data-element_type=\"container\" data-e-type=\"container\">\n\t\t\t\t<div class=\"elementor-element elementor-element-187525d elementor-widget elementor-widget-image\" data-id=\"187525d\" data-element_type=\"widget\" data-e-type=\"widget\" data-widget_type=\"image.default\">\n\t\t\t\t<div class=\"elementor-widget-container\">\n\t\t\t\t\t\t\t\t\t\t\t\t<figure class=\"wp-caption\">\n\t\t\t\t\t\t\t\t\t\t<img fetchpriority=\"high\" decoding=\"async\" width=\"640\" height=\"606\" src=\"https:\/\/kirche-sahlenburg.org\/wp-content\/uploads\/2026\/04\/Alzar20260404-1024x970.jpg\" class=\"attachment-large size-large wp-image-2068\" alt=\"\" srcset=\"https:\/\/kirche-sahlenburg.org\/wp-content\/uploads\/2026\/04\/Alzar20260404-1024x970.jpg 1024w, https:\/\/kirche-sahlenburg.org\/wp-content\/uploads\/2026\/04\/Alzar20260404-300x284.jpg 300w, https:\/\/kirche-sahlenburg.org\/wp-content\/uploads\/2026\/04\/Alzar20260404-768x727.jpg 768w, https:\/\/kirche-sahlenburg.org\/wp-content\/uploads\/2026\/04\/Alzar20260404-1536x1454.jpg 1536w, https:\/\/kirche-sahlenburg.org\/wp-content\/uploads\/2026\/04\/Alzar20260404-285x270.jpg 285w, https:\/\/kirche-sahlenburg.org\/wp-content\/uploads\/2026\/04\/Alzar20260404-850x805.jpg 850w, https:\/\/kirche-sahlenburg.org\/wp-content\/uploads\/2026\/04\/Alzar20260404.jpg 1882w\" sizes=\"(max-width: 640px) 100vw, 640px\" \/>\t\t\t\t\t\t\t\t\t\t\t<figcaption class=\"widget-image-caption wp-caption-text\">Altar der Johanneskirche<\/figcaption>\n\t\t\t\t\t\t\t\t\t\t<\/figure>\n\t\t\t\t\t\t\t\t\t<\/div>\n\t\t\t\t<\/div>\n\t\t\t\t<\/div>\n\t\t<div class=\"elementor-element elementor-element-c0bb2b9 e-con-full e-flex wpr-particle-no wpr-jarallax-no wpr-parallax-no wpr-sticky-section-no wpr-equal-height-no e-con e-child\" data-id=\"c0bb2b9\" data-element_type=\"container\" data-e-type=\"container\">\n\t\t\t\t<div class=\"elementor-element elementor-element-b4f1fc0 elementor-widget elementor-widget-text-editor\" data-id=\"b4f1fc0\" data-element_type=\"widget\" data-e-type=\"widget\" data-widget_type=\"text-editor.default\">\n\t\t\t\t<div class=\"elementor-widget-container\">\n\t\t\t\t\t\t\t\t\t<div style=\"position: relative; padding-top: calc(56.25% + 1em + 5px);\"><br \/><iframe style=\"position: absolute; top: 0; left: 0; width: 100%; height: 100%;\" src=\"https:\/\/www.medienarche.de\/wochenspruch?headline=true&amp;fullscreen=true\" frameborder=\"0\" allowfullscreen=\"allowfullscreen\"><\/iframe><\/div>\t\t\t\t\t\t\t\t<\/div>\n\t\t\t\t<\/div>\n\t\t\t\t<\/div>\n\t\t\t\t\t<\/div>\n\t\t\t\t<\/div>\n\t\t<div class=\"elementor-element elementor-element-6fcbdb4 e-flex e-con-boxed wpr-particle-no wpr-jarallax-no wpr-parallax-no wpr-sticky-section-no wpr-equal-height-no e-con e-parent\" data-id=\"6fcbdb4\" data-element_type=\"container\" data-e-type=\"container\">\n\t\t\t\t\t<div class=\"e-con-inner\">\n\t\t\t\t<div class=\"elementor-element elementor-element-777785b elementor-widget elementor-widget-text-editor\" data-id=\"777785b\" data-element_type=\"widget\" data-e-type=\"widget\" data-widget_type=\"text-editor.default\">\n\t\t\t\t<div class=\"elementor-widget-container\">\n\t\t\t\t\t\t\t\t\t<p>\u201eHallo!\u201c ruft am Ostermorgen ein Junge her\u00fcber, der mit seinem Hund Gassi geht. Ein gehecheltes \u201eMoin\u201c l\u00e4sst der der Jogger im Vor\u00fcberlaufen fallen. Die Dame mit dem Gehstock nimmt sich Zeit f\u00fcr ihr bed\u00e4chtiges \u201eGuten Tag\u201c und nutzt den Gru\u00df zu einer kurzen Verschnaufpause. Allen antworte ich in derselben Weise: \u201eHallo, Moin, Guten Tag.\u201c Es passt, denke ich. Es passt, wie alle unterwegs sind.<\/p><p>Doch pl\u00f6tzlich hinter mir: \u201eDer Herr ist auferstanden!\u201c Kurz \u00fcberrascht blicke ich mich um. Relativ fl\u00fcssig gelingt mir die Antwort: \u201eEr ist wahrhaftig auferstanden\u201c. Wir freuen uns beide, dass es geklappt hat. In den \u00f6stlichen Kirchen kennt man das. Bei uns ist es weniger \u00fcblich. Das \u201eHalleluja\u201c sprechen wir gemeinsam.<\/p><p>\u201eAlso doch!\u201c, freue ich mich im Weitergehen. Neben Gassigehen, Joggen und Spazieren ist man noch anders unterwegs. Und tats\u00e4chlich: \u201eFrohe Ostern!\u201c kommt es nun von links, von rechts. Es wird erwidert mit einem L\u00e4cheln, einem kleinen \u00dcberraschtsein. Vielleicht muss man erst darauf gebracht werden. Aber dann breitet das Ostergr\u00fc\u00dfen sich aus. Vom Hundeweg bis zur Schlange beim B\u00e4cker. Von dort bis zur Kirchent\u00fcr und wieder zur\u00fcck in die Familien. Wie ein Wort etwas ver\u00e4ndert! Es ist an diesem Morgen mehr da als sonst.<\/p><p>Ostern ist der Morgen, der von jeher \u00fcberrascht. \u201eWer w\u00e4lzt uns den Stein von des Grabes T\u00fcr?\u201c Viele sind von fr\u00fch an in dr\u00e4ngenden Gesch\u00e4ften unterwegs. Wie kann es geschehen, dass Sorge verfliegt? Bef\u00fcrchtungen nicht wahr werden? Dass man klarkommt und Dinge sich zum Guten kehren?<\/p><p>Allen ist diese \u00dcberraschung zu w\u00fcnschen: \u201eDen ihr sucht, der ist nicht hier. Er ist auferstanden, wie er gesagt hat.\u201c Kein Stein ist unverr\u00fcckbar. Keine Hoffnung verloren und keine Aussicht umsonst. Wenn das keinen Gru\u00df wert ist! Vielleicht muss ich manchmal erst wieder drauf gebracht werden. Der Passant auf dem Weg hat es geschafft. \u201eDer Herr ist auferstanden. Er ist wahrhaftig auferstanden.\u201c &#8211; Halleluja! Und Fr\u00f6hliche Ostern!<\/p><p>Landesbischof Ralf Meister<\/p>\t\t\t\t\t\t\t\t<\/div>\n\t\t\t\t<\/div>\n\t\t\t\t\t<\/div>\n\t\t\t\t<\/div>\n\t\t\t\t<\/div>\n\t\t","protected":false},"excerpt":{"rendered":"<p>Altar der Johanneskirche \u201eHallo!\u201c ruft am Ostermorgen ein Junge her\u00fcber, der mit seinem Hund Gassi geht. Ein gehecheltes \u201eMoin\u201c l\u00e4sst der der Jogger im Vor\u00fcberlaufen fallen. Die Dame mit dem Gehstock nimmt sich Zeit f\u00fcr ihr bed\u00e4chtiges \u201eGuten Tag\u201c und nutzt den Gru\u00df zu einer kurzen Verschnaufpause. Allen antworte ich in derselben Weise: \u201eHallo,&#8230;<\/p>\n<p class=\"read-more\"><a class=\"btn btn-default\" href=\"https:\/\/kirche-sahlenburg.org\/\"> Read More<span class=\"screen-reader-text\">  Read More<\/span><\/a><\/p>\n","protected":false},"author":1,"featured_media":0,"parent":0,"menu_order":0,"comment_status":"closed","ping_status":"closed","template":"","meta":{"footnotes":""},"class_list":["post-10","page","type-page","status-publish","hentry"],"_links":{"self":[{"href":"https:\/\/kirche-sahlenburg.org\/index.php?rest_route=\/wp\/v2\/pages\/10","targetHints":{"allow":["GET"]}}],"collection":[{"href":"https:\/\/kirche-sahlenburg.org\/index.php?rest_route=\/wp\/v2\/pages"}],"about":[{"href":"https:\/\/kirche-sahlenburg.org\/index.php?rest_route=\/wp\/v2\/types\/page"}],"author":[{"embeddable":true,"href":"https:\/\/kirche-sahlenburg.org\/index.php?rest_route=\/wp\/v2\/users\/1"}],"replies":[{"embeddable":true,"href":"https:\/\/kirche-sahlenburg.org\/index.php?rest_route=%2Fwp%2Fv2%2Fcomments&post=10"}],"version-history":[{"count":293,"href":"https:\/\/kirche-sahlenburg.org\/index.php?rest_route=\/wp\/v2\/pages\/10\/revisions"}],"predecessor-version":[{"id":2080,"href":"https:\/\/kirche-sahlenburg.org\/index.php?rest_route=\/wp\/v2\/pages\/10\/revisions\/2080"}],"wp:attachment":[{"href":"https:\/\/kirche-sahlenburg.org\/index.php?rest_route=%2Fwp%2Fv2%2Fmedia&parent=10"}],"curies":[{"name":"wp","href":"https:\/\/api.w.org\/{rel}","templated":true}]}}